{"id":9584,"date":"2025-11-06T12:50:53","date_gmt":"2025-11-06T12:50:53","guid":{"rendered":"https:\/\/fundacioferrermusica.org\/?page_id=9584"},"modified":"2025-11-12T16:40:18","modified_gmt":"2025-11-12T16:40:18","slug":"quienes-somos","status":"publish","type":"page","link":"https:\/\/fundacioferrermusica.org\/es\/quienes-somos\/","title":{"rendered":"Qui\u00e9nes somos"},"content":{"rendered":"\t\t<div data-elementor-type=\"wp-page\" data-elementor-id=\"9584\" class=\"elementor elementor-9584 elementor-9571\" data-elementor-post-type=\"page\">\n\t\t\t\t\t\t<section class=\"elementor-section elementor-top-section elementor-element elementor-element-4b3c095 elementor-section-full_width elementor-section-height-default elementor-section-height-default\" data-id=\"4b3c095\" data-element_type=\"section\" data-e-type=\"section\">\n\t\t\t\t\t\t<div class=\"elementor-container elementor-column-gap-default\">\n\t\t\t\t\t<div class=\"elementor-column elementor-col-100 elementor-top-column elementor-element elementor-element-c7fd7e8\" data-id=\"c7fd7e8\" data-element_type=\"column\" data-e-type=\"column\">\n\t\t\t<div class=\"elementor-widget-wrap elementor-element-populated\">\n\t\t\t\t\t\t<div class=\"elementor-element elementor-element-9ef92ae animated-slow elementor-invisible elementor-widget elementor-widget-heading\" data-id=\"9ef92ae\" data-element_type=\"widget\" data-e-type=\"widget\" data-settings=\"{&quot;_animation&quot;:&quot;fadeInUp&quot;}\" data-widget_type=\"heading.default\">\n\t\t\t\t<div class=\"elementor-widget-container\">\n\t\t\t\t\t<h2 class=\"elementor-heading-title elementor-size-default\">Qui\u00e9nes somos<\/h2>\t\t\t\t<\/div>\n\t\t\t\t<\/div>\n\t\t\t\t<div class=\"elementor-element elementor-element-0c06bf3 elementor-widget elementor-widget-spacer\" data-id=\"0c06bf3\" data-element_type=\"widget\" data-e-type=\"widget\" data-widget_type=\"spacer.default\">\n\t\t\t\t<div class=\"elementor-widget-container\">\n\t\t\t\t\t\t\t<div class=\"elementor-spacer\">\n\t\t\t<div class=\"elementor-spacer-inner\"><\/div>\n\t\t<\/div>\n\t\t\t\t\t\t<\/div>\n\t\t\t\t<\/div>\n\t\t\t\t<div class=\"elementor-element elementor-element-e11e7af elementor-widget elementor-widget-text-editor\" data-id=\"e11e7af\" data-element_type=\"widget\" data-e-type=\"widget\" data-widget_type=\"text-editor.default\">\n\t\t\t\t<div class=\"elementor-widget-container\">\n\t\t\t\t\t\t\t\t\t<h5>La <strong>Fundaci\u00f3n Ferrer de M\u00fasica<\/strong> es una entidad sin \u00e1nimo de lucro que trabaja para hacer de la m\u00fasica una herramienta de transformaci\u00f3n personal y social. Desde su creaci\u00f3n en 1982, promueve el acceso a la m\u00fasica y el desarrollo del talento a trav\u00e9s de <strong>proyectos de excelencia musical<\/strong>, <strong>becas formativas<\/strong> e <strong>iniciativas de integraci\u00f3n social<\/strong>.<\/h5>\t\t\t\t\t\t\t\t<\/div>\n\t\t\t\t<\/div>\n\t\t\t\t<div class=\"elementor-element elementor-element-6201754 elementor-widget__width-initial elementor-widget elementor-widget-text-editor\" data-id=\"6201754\" data-element_type=\"widget\" data-e-type=\"widget\" data-widget_type=\"text-editor.default\">\n\t\t\t\t<div class=\"elementor-widget-container\">\n\t\t\t\t\t\t\t\t\t<p>Creemos firmemente que la m\u00fasica es un <strong>bien colectivo con un profundo valor transformador<\/strong>, capaz de generar oportunidades, reforzar la cohesi\u00f3n y despertar el potencial creativo de las personas. Con esta convicci\u00f3n, impulsamos programas que unen la calidad art\u00edstica con el compromiso social, llevando la m\u00fasica a todos los p\u00fablicos y especialmente a aquellos que se encuentran en situaciones de vulnerabilidad.<\/p><p>En el \u00e1mbito de la excelencia musical, la Fundaci\u00f3n convoca anualmente el <strong>Premio Reina Sof\u00eda de Composici\u00f3n Musical<\/strong>, un reconocimiento de prestigio internacional y el mejor dotado de Europa, y ofrece <strong>becas para j\u00f3venes talentos<\/strong> a trav\u00e9s de los programas Ferrer-Salat con el <strong>Conservatorio del Liceu<\/strong> y JONDE-Ferrer Salat con la <strong>Joven Orquesta Nacional de Espa\u00f1a.<\/strong><\/p><p>Paralelamente, desde el eje de<strong> integraci\u00f3n social<\/strong>, promovemos <strong>proyectos educativos y comunitarios<\/strong> que utilizan la m\u00fasica como veh\u00edculo para fomentar la autoestima, la colaboraci\u00f3n y el desarrollo de habilidades personales y sociales.<\/p><p>La Fundaci\u00f3n tambi\u00e9n<strong> impulsa la investigaci\u00f3n<\/strong> sobre la relaci\u00f3n entre el aprendizaje musical y el desarrollo cognitivo, emocional y social, con especial atenci\u00f3n a ni\u00f1os con trastornos del neurodesarrollo, ofreci\u00e9ndoles nuevas v\u00edas de diagn\u00f3stico y tratamiento mediante la m\u00fasica.<\/p><p>Con esta labor, la Fundaci\u00f3n Ferrer de M\u00fasica reafirma su compromiso con tres grandes <strong>objetivos<\/strong>:<\/p><ul><li>Promover la excelencia musical y el desarrollo de trayectorias profesionales s\u00f3lidas.<\/li><li>Facilitar el acceso a la m\u00fasica como herramienta de transformaci\u00f3n e inclusi\u00f3n social.<\/li><li>Investigar el potencial terap\u00e9utico de la m\u00fasica en contextos de vulnerabilidad.<\/li><\/ul><div>\u00a0<\/div>\t\t\t\t\t\t\t\t<\/div>\n\t\t\t\t<\/div>\n\t\t\t\t<div class=\"elementor-element elementor-element-3ca8569 elementor-widget elementor-widget-text-editor\" data-id=\"3ca8569\" data-element_type=\"widget\" data-e-type=\"widget\" data-widget_type=\"text-editor.default\">\n\t\t\t\t<div class=\"elementor-widget-container\">\n\t\t\t\t\t\t\t\t\t<h5>La <strong>Fundaci\u00f3 Ferrer de M\u00fasica<\/strong> \u00e9s una de les <strong>Fundacions Ferrer<\/strong>, cinc organitzacions inspiradores nascudes del ferm comprom\u00eds de la farmac\u00e8utica Ferrer, companyia B Corp que t\u00e9 com a prop\u00f2sit utilitzar el seu negoci per lluitar per la just\u00edcia social.<\/h5><h5>\u00a0<\/h5><h5>Les Fundacions Ferrer contribueixen a la socialitzaci\u00f3 de la riquesa a trav\u00e9s de projectes que faciliten la igualtat d\u2019oportunitats i promouen la creaci\u00f3, el coneixement i el pensament cr\u00edtic des d\u2019\u00e0mbits com medi ambient, la cultura, l\u2019educaci\u00f3, els drets humans i l\u2019esport.<\/h5>\t\t\t\t\t\t\t\t<\/div>\n\t\t\t\t<\/div>\n\t\t\t\t\t<\/div>\n\t\t<\/div>\n\t\t\t\t\t<\/div>\n\t\t<\/section>\n\t\t\t\t<\/div>\n\t\t","protected":false},"excerpt":{"rendered":"<p>Qui\u00e9nes somos La Fundaci\u00f3n Ferrer de M\u00fasica es una entidad sin \u00e1nimo de lucro que trabaja para hacer de la m\u00fasica una herramienta de transformaci\u00f3n personal y social. Desde su creaci\u00f3n en 1982, promueve el acceso a la m\u00fasica y el desarrollo del talento a trav\u00e9s de proyectos de excelencia musical, becas formativas e iniciativas [&hellip;]<\/p>\n","protected":false},"author":5,"featured_media":0,"parent":0,"menu_order":0,"comment_status":"closed","ping_status":"closed","template":"","meta":{"site-sidebar-layout":"no-sidebar","site-content-layout":"page-builder","ast-site-content-layout":"full-width-container","site-content-style":"unboxed","site-sidebar-style":"unboxed","ast-global-header-display":"","ast-banner-title-visibility":"","ast-main-header-display":"","ast-hfb-above-header-display":"","ast-hfb-below-header-display":"","ast-hfb-mobile-header-display":"","site-post-title":"disabled","ast-breadcrumbs-content":"","ast-featured-img":"disabled","footer-sml-layout":"","ast-disable-related-posts":"","theme-transparent-header-meta":"default","adv-header-id-meta":"","stick-header-meta":"default","header-above-stick-meta":"","header-main-stick-meta":"","header-below-stick-meta":"","astra-migrate-meta-layouts":"set","ast-page-background-enabled":"default","ast-page-background-meta":{"desktop":{"background-color":"var(--ast-global-color-4)","background-image":"","background-repeat":"repeat","background-position":"center center","background-size":"auto","background-attachment":"scroll","background-type":"","background-media":"","overlay-type":"","overlay-color":"","overlay-opacity":"","overlay-gradient":""},"tablet":{"background-color":"","background-image":"","background-repeat":"repeat","background-position":"center center","background-size":"auto","background-attachment":"scroll","background-type":"","background-media":"","overlay-type":"","overlay-color":"","overlay-opacity":"","overlay-gradient":""},"mobile":{"background-color":"","background-image":"","background-repeat":"repeat","background-position":"center center","background-size":"auto","background-attachment":"scroll","background-type":"","background-media":"","overlay-type":"","overlay-color":"","overlay-opacity":"","overlay-gradient":""}},"ast-content-background-meta":{"desktop":{"background-color":"var(--ast-global-color-5)","background-image":"","background-repeat":"repeat","background-position":"center center","background-size":"auto","background-attachment":"scroll","background-type":"","background-media":"","overlay-type":"","overlay-color":"","overlay-opacity":"","overlay-gradient":""},"tablet":{"background-color":"var(--ast-global-color-5)","background-image":"","background-repeat":"repeat","background-position":"center center","background-size":"auto","background-attachment":"scroll","background-type":"","background-media":"","overlay-type":"","overlay-color":"","overlay-opacity":"","overlay-gradient":""},"mobile":{"background-color":"var(--ast-global-color-5)","background-image":"","background-repeat":"repeat","background-position":"center center","background-size":"auto","background-attachment":"scroll","background-type":"","background-media":"","overlay-type":"","overlay-color":"","overlay-opacity":"","overlay-gradient":""}},"footnotes":""},"class_list":["post-9584","page","type-page","status-publish","hentry"],"yoast_head":"<!-- This site is optimized with the Yoast SEO plugin v27.2 - https:\/\/yoast.com\/product\/yoast-seo-wordpress\/ -->\n<title>Qui\u00e9nes somos - Fundaci\u00f3 de M\u00fasica Ferrer-Salat<\/title>\n<meta name=\"robots\" content=\"index, follow, max-snippet:-1, max-image-preview:large, max-video-preview:-1\" \/>\n<link rel=\"canonical\" href=\"https:\/\/fundacioferrermusica.org\/es\/quienes-somos\/\" \/>\n<meta property=\"og:locale\" content=\"es_ES\" \/>\n<meta property=\"og:type\" content=\"article\" \/>\n<meta property=\"og:title\" content=\"Qui\u00e9nes somos - Fundaci\u00f3 de M\u00fasica Ferrer-Salat\" \/>\n<meta property=\"og:description\" content=\"Qui\u00e9nes somos La Fundaci\u00f3n Ferrer de M\u00fasica es una entidad sin \u00e1nimo de lucro que trabaja para hacer de la m\u00fasica una herramienta de transformaci\u00f3n personal y social. Desde su creaci\u00f3n en 1982, promueve el acceso a la m\u00fasica y el desarrollo del talento a trav\u00e9s de proyectos de excelencia musical, becas formativas e iniciativas [&hellip;]\" \/>\n<meta property=\"og:url\" content=\"https:\/\/fundacioferrermusica.org\/es\/quienes-somos\/\" \/>\n<meta property=\"og:site_name\" content=\"Fundaci\u00f3 de M\u00fasica Ferrer-Salat\" \/>\n<meta property=\"article:modified_time\" content=\"2025-11-12T16:40:18+00:00\" \/>\n<meta name=\"twitter:card\" content=\"summary_large_image\" \/>\n<meta name=\"twitter:label1\" content=\"Tiempo de lectura\" \/>\n\t<meta name=\"twitter:data1\" content=\"2 minutos\" \/>\n<script type=\"application\/ld+json\" class=\"yoast-schema-graph\">{\"@context\":\"https:\/\/schema.org\",\"@graph\":[{\"@type\":\"WebPage\",\"@id\":\"https:\/\/fundacioferrermusica.org\/es\/quienes-somos\/\",\"url\":\"https:\/\/fundacioferrermusica.org\/es\/quienes-somos\/\",\"name\":\"Qui\u00e9nes somos - Fundaci\u00f3 de M\u00fasica Ferrer-Salat\",\"isPartOf\":{\"@id\":\"https:\/\/fundacioferrermusica.org\/#website\"},\"datePublished\":\"2025-11-06T12:50:53+00:00\",\"dateModified\":\"2025-11-12T16:40:18+00:00\",\"breadcrumb\":{\"@id\":\"https:\/\/fundacioferrermusica.org\/es\/quienes-somos\/#breadcrumb\"},\"inLanguage\":\"es\",\"potentialAction\":[{\"@type\":\"ReadAction\",\"target\":[\"https:\/\/fundacioferrermusica.org\/es\/quienes-somos\/\"]}]},{\"@type\":\"BreadcrumbList\",\"@id\":\"https:\/\/fundacioferrermusica.org\/es\/quienes-somos\/#breadcrumb\",\"itemListElement\":[{\"@type\":\"ListItem\",\"position\":1,\"name\":\"Inici\",\"item\":\"https:\/\/fundacioferrermusica.org\/\"},{\"@type\":\"ListItem\",\"position\":2,\"name\":\"Qui\u00e9nes somos\"}]},{\"@type\":\"WebSite\",\"@id\":\"https:\/\/fundacioferrermusica.org\/#website\",\"url\":\"https:\/\/fundacioferrermusica.org\/\",\"name\":\"Fundaci\u00f3 de M\u00fasica Ferrer-Salat\",\"description\":\"40 anys generant oportunitats a trav\u00e9s de la m\u00fasica\",\"publisher\":{\"@id\":\"https:\/\/fundacioferrermusica.org\/#organization\"},\"potentialAction\":[{\"@type\":\"SearchAction\",\"target\":{\"@type\":\"EntryPoint\",\"urlTemplate\":\"https:\/\/fundacioferrermusica.org\/?s={search_term_string}\"},\"query-input\":{\"@type\":\"PropertyValueSpecification\",\"valueRequired\":true,\"valueName\":\"search_term_string\"}}],\"inLanguage\":\"es\"},{\"@type\":\"Organization\",\"@id\":\"https:\/\/fundacioferrermusica.org\/#organization\",\"name\":\"Fundaci\u00f3 de M\u00fasica Ferrer-Salat\",\"url\":\"https:\/\/fundacioferrermusica.org\/\",\"logo\":{\"@type\":\"ImageObject\",\"inLanguage\":\"es\",\"@id\":\"https:\/\/fundacioferrermusica.org\/#\/schema\/logo\/image\/\",\"url\":\"https:\/\/fundacioferrermusica.org\/wp-content\/uploads\/2022\/06\/cropped-FundacioMusicaFerrerSalat.png\",\"contentUrl\":\"https:\/\/fundacioferrermusica.org\/wp-content\/uploads\/2022\/06\/cropped-FundacioMusicaFerrerSalat.png\",\"width\":160,\"height\":53,\"caption\":\"Fundaci\u00f3 de M\u00fasica Ferrer-Salat\"},\"image\":{\"@id\":\"https:\/\/fundacioferrermusica.org\/#\/schema\/logo\/image\/\"}}]}<\/script>\n<!-- \/ Yoast SEO plugin. -->","yoast_head_json":{"title":"Qui\u00e9nes somos - Fundaci\u00f3 de M\u00fasica Ferrer-Salat","robots":{"index":"index","follow":"follow","max-snippet":"max-snippet:-1","max-image-preview":"max-image-preview:large","max-video-preview":"max-video-preview:-1"},"canonical":"https:\/\/fundacioferrermusica.org\/es\/quienes-somos\/","og_locale":"es_ES","og_type":"article","og_title":"Qui\u00e9nes somos - Fundaci\u00f3 de M\u00fasica Ferrer-Salat","og_description":"Qui\u00e9nes somos La Fundaci\u00f3n Ferrer de M\u00fasica es una entidad sin \u00e1nimo de lucro que trabaja para hacer de la m\u00fasica una herramienta de transformaci\u00f3n personal y social. Desde su creaci\u00f3n en 1982, promueve el acceso a la m\u00fasica y el desarrollo del talento a trav\u00e9s de proyectos de excelencia musical, becas formativas e iniciativas [&hellip;]","og_url":"https:\/\/fundacioferrermusica.org\/es\/quienes-somos\/","og_site_name":"Fundaci\u00f3 de M\u00fasica Ferrer-Salat","article_modified_time":"2025-11-12T16:40:18+00:00","twitter_card":"summary_large_image","twitter_misc":{"Tiempo de lectura":"2 minutos"},"schema":{"@context":"https:\/\/schema.org","@graph":[{"@type":"WebPage","@id":"https:\/\/fundacioferrermusica.org\/es\/quienes-somos\/","url":"https:\/\/fundacioferrermusica.org\/es\/quienes-somos\/","name":"Qui\u00e9nes somos - Fundaci\u00f3 de M\u00fasica Ferrer-Salat","isPartOf":{"@id":"https:\/\/fundacioferrermusica.org\/#website"},"datePublished":"2025-11-06T12:50:53+00:00","dateModified":"2025-11-12T16:40:18+00:00","breadcrumb":{"@id":"https:\/\/fundacioferrermusica.org\/es\/quienes-somos\/#breadcrumb"},"inLanguage":"es","potentialAction":[{"@type":"ReadAction","target":["https:\/\/fundacioferrermusica.org\/es\/quienes-somos\/"]}]},{"@type":"BreadcrumbList","@id":"https:\/\/fundacioferrermusica.org\/es\/quienes-somos\/#breadcrumb","itemListElement":[{"@type":"ListItem","position":1,"name":"Inici","item":"https:\/\/fundacioferrermusica.org\/"},{"@type":"ListItem","position":2,"name":"Qui\u00e9nes somos"}]},{"@type":"WebSite","@id":"https:\/\/fundacioferrermusica.org\/#website","url":"https:\/\/fundacioferrermusica.org\/","name":"Fundaci\u00f3 de M\u00fasica Ferrer-Salat","description":"40 anys generant oportunitats a trav\u00e9s de la m\u00fasica","publisher":{"@id":"https:\/\/fundacioferrermusica.org\/#organization"},"potentialAction":[{"@type":"SearchAction","target":{"@type":"EntryPoint","urlTemplate":"https:\/\/fundacioferrermusica.org\/?s={search_term_string}"},"query-input":{"@type":"PropertyValueSpecification","valueRequired":true,"valueName":"search_term_string"}}],"inLanguage":"es"},{"@type":"Organization","@id":"https:\/\/fundacioferrermusica.org\/#organization","name":"Fundaci\u00f3 de M\u00fasica Ferrer-Salat","url":"https:\/\/fundacioferrermusica.org\/","logo":{"@type":"ImageObject","inLanguage":"es","@id":"https:\/\/fundacioferrermusica.org\/#\/schema\/logo\/image\/","url":"https:\/\/fundacioferrermusica.org\/wp-content\/uploads\/2022\/06\/cropped-FundacioMusicaFerrerSalat.png","contentUrl":"https:\/\/fundacioferrermusica.org\/wp-content\/uploads\/2022\/06\/cropped-FundacioMusicaFerrerSalat.png","width":160,"height":53,"caption":"Fundaci\u00f3 de M\u00fasica Ferrer-Salat"},"image":{"@id":"https:\/\/fundacioferrermusica.org\/#\/schema\/logo\/image\/"}}]}},"_links":{"self":[{"href":"https:\/\/fundacioferrermusica.org\/es\/wp-json\/wp\/v2\/pages\/9584","targetHints":{"allow":["GET"]}}],"collection":[{"href":"https:\/\/fundacioferrermusica.org\/es\/wp-json\/wp\/v2\/pages"}],"about":[{"href":"https:\/\/fundacioferrermusica.org\/es\/wp-json\/wp\/v2\/types\/page"}],"author":[{"embeddable":true,"href":"https:\/\/fundacioferrermusica.org\/es\/wp-json\/wp\/v2\/users\/5"}],"replies":[{"embeddable":true,"href":"https:\/\/fundacioferrermusica.org\/es\/wp-json\/wp\/v2\/comments?post=9584"}],"version-history":[{"count":10,"href":"https:\/\/fundacioferrermusica.org\/es\/wp-json\/wp\/v2\/pages\/9584\/revisions"}],"predecessor-version":[{"id":9727,"href":"https:\/\/fundacioferrermusica.org\/es\/wp-json\/wp\/v2\/pages\/9584\/revisions\/9727"}],"wp:attachment":[{"href":"https:\/\/fundacioferrermusica.org\/es\/wp-json\/wp\/v2\/media?parent=9584"}],"curies":[{"name":"wp","href":"https:\/\/api.w.org\/{rel}","templated":true}]}}