{"id":9616,"date":"2025-11-06T14:03:05","date_gmt":"2025-11-06T14:03:05","guid":{"rendered":"https:\/\/fundacioferrermusica.org\/?page_id=9616"},"modified":"2025-11-18T14:45:35","modified_gmt":"2025-11-18T14:45:35","slug":"organizational-chart","status":"publish","type":"page","link":"https:\/\/fundacioferrermusica.org\/en\/organizational-chart\/","title":{"rendered":"Organizational Chart"},"content":{"rendered":"\t\t<div data-elementor-type=\"wp-page\" data-elementor-id=\"9616\" class=\"elementor elementor-9616\" data-elementor-post-type=\"page\">\n\t\t\t\t\t\t<section class=\"elementor-section elementor-top-section elementor-element elementor-element-4b3c095 elementor-section-full_width elementor-section-height-default elementor-section-height-default\" data-id=\"4b3c095\" data-element_type=\"section\" data-e-type=\"section\">\n\t\t\t\t\t\t<div class=\"elementor-container elementor-column-gap-default\">\n\t\t\t\t\t<div class=\"elementor-column elementor-col-100 elementor-top-column elementor-element elementor-element-c7fd7e8\" data-id=\"c7fd7e8\" data-element_type=\"column\" data-e-type=\"column\">\n\t\t\t<div class=\"elementor-widget-wrap elementor-element-populated\">\n\t\t\t\t\t\t<div class=\"elementor-element elementor-element-9ef92ae animated-slow elementor-invisible elementor-widget elementor-widget-heading\" data-id=\"9ef92ae\" data-element_type=\"widget\" data-e-type=\"widget\" data-settings=\"{&quot;_animation&quot;:&quot;fadeInUp&quot;}\" data-widget_type=\"heading.default\">\n\t\t\t\t<div class=\"elementor-widget-container\">\n\t\t\t\t\t<h2 class=\"elementor-heading-title elementor-size-default\">Organizational Chart<\/h2>\t\t\t\t<\/div>\n\t\t\t\t<\/div>\n\t\t\t\t<div class=\"elementor-element elementor-element-3998b1b elementor-widget elementor-widget-image\" data-id=\"3998b1b\" data-element_type=\"widget\" data-e-type=\"widget\" data-widget_type=\"image.default\">\n\t\t\t\t<div class=\"elementor-widget-container\">\n\t\t\t\t\t\t\t\t\t\t\t\t\t\t\t<img fetchpriority=\"high\" decoding=\"async\" width=\"1024\" height=\"576\" src=\"https:\/\/fundacioferrermusica.org\/wp-content\/uploads\/2025\/11\/Organigrama_FFM_OK-1024x576.png\" class=\"attachment-large size-large wp-image-9732\" alt=\"\" srcset=\"https:\/\/fundacioferrermusica.org\/wp-content\/uploads\/2025\/11\/Organigrama_FFM_OK-1024x576.png 1024w, https:\/\/fundacioferrermusica.org\/wp-content\/uploads\/2025\/11\/Organigrama_FFM_OK-300x169.png 300w, https:\/\/fundacioferrermusica.org\/wp-content\/uploads\/2025\/11\/Organigrama_FFM_OK-768x432.png 768w, https:\/\/fundacioferrermusica.org\/wp-content\/uploads\/2025\/11\/Organigrama_FFM_OK-1536x864.png 1536w, https:\/\/fundacioferrermusica.org\/wp-content\/uploads\/2025\/11\/Organigrama_FFM_OK.png 1920w\" sizes=\"(max-width: 1024px) 100vw, 1024px\" \/>\t\t\t\t\t\t\t\t\t\t\t\t\t\t\t<\/div>\n\t\t\t\t<\/div>\n\t\t\t\t\t<\/div>\n\t\t<\/div>\n\t\t\t\t\t<\/div>\n\t\t<\/section>\n\t\t\t\t<\/div>\n\t\t","protected":false},"excerpt":{"rendered":"<p>Organizational Chart<\/p>\n","protected":false},"author":5,"featured_media":0,"parent":0,"menu_order":0,"comment_status":"closed","ping_status":"closed","template":"","meta":{"site-sidebar-layout":"no-sidebar","site-content-layout":"page-builder","ast-site-content-layout":"full-width-container","site-content-style":"unboxed","site-sidebar-style":"unboxed","ast-global-header-display":"","ast-banner-title-visibility":"","ast-main-header-display":"","ast-hfb-above-header-display":"","ast-hfb-below-header-display":"","ast-hfb-mobile-header-display":"","site-post-title":"disabled","ast-breadcrumbs-content":"","ast-featured-img":"disabled","footer-sml-layout":"","ast-disable-related-posts":"","theme-transparent-header-meta":"default","adv-header-id-meta":"","stick-header-meta":"default","header-above-stick-meta":"","header-main-stick-meta":"","header-below-stick-meta":"","astra-migrate-meta-layouts":"set","ast-page-background-enabled":"default","ast-page-background-meta":{"desktop":{"background-color":"var(--ast-global-color-4)","background-image":"","background-repeat":"repeat","background-position":"center center","background-size":"auto","background-attachment":"scroll","background-type":"","background-media":"","overlay-type":"","overlay-color":"","overlay-opacity":"","overlay-gradient":""},"tablet":{"background-color":"","background-image":"","background-repeat":"repeat","background-position":"center center","background-size":"auto","background-attachment":"scroll","background-type":"","background-media":"","overlay-type":"","overlay-color":"","overlay-opacity":"","overlay-gradient":""},"mobile":{"background-color":"","background-image":"","background-repeat":"repeat","background-position":"center center","background-size":"auto","background-attachment":"scroll","background-type":"","background-media":"","overlay-type":"","overlay-color":"","overlay-opacity":"","overlay-gradient":""}},"ast-content-background-meta":{"desktop":{"background-color":"var(--ast-global-color-5)","background-image":"","background-repeat":"repeat","background-position":"center center","background-size":"auto","background-attachment":"scroll","background-type":"","background-media":"","overlay-type":"","overlay-color":"","overlay-opacity":"","overlay-gradient":""},"tablet":{"background-color":"var(--ast-global-color-5)","background-image":"","background-repeat":"repeat","background-position":"center center","background-size":"auto","background-attachment":"scroll","background-type":"","background-media":"","overlay-type":"","overlay-color":"","overlay-opacity":"","overlay-gradient":""},"mobile":{"background-color":"var(--ast-global-color-5)","background-image":"","background-repeat":"repeat","background-position":"center center","background-size":"auto","background-attachment":"scroll","background-type":"","background-media":"","overlay-type":"","overlay-color":"","overlay-opacity":"","overlay-gradient":""}},"footnotes":""},"class_list":["post-9616","page","type-page","status-publish","hentry"],"yoast_head":"<!-- This site is optimized with the Yoast SEO plugin v27.2 - https:\/\/yoast.com\/product\/yoast-seo-wordpress\/ -->\n<title>Organizational Chart - Fundaci\u00f3 de M\u00fasica Ferrer-Salat<\/title>\n<meta name=\"robots\" content=\"index, follow, max-snippet:-1, max-image-preview:large, max-video-preview:-1\" \/>\n<link rel=\"canonical\" href=\"https:\/\/fundacioferrermusica.org\/en\/organizational-chart\/\" \/>\n<meta property=\"og:locale\" content=\"en_US\" \/>\n<meta property=\"og:type\" content=\"article\" \/>\n<meta property=\"og:title\" content=\"Organizational Chart - Fundaci\u00f3 de M\u00fasica Ferrer-Salat\" \/>\n<meta property=\"og:description\" content=\"Organizational Chart\" \/>\n<meta property=\"og:url\" content=\"https:\/\/fundacioferrermusica.org\/en\/organizational-chart\/\" \/>\n<meta property=\"og:site_name\" content=\"Fundaci\u00f3 de M\u00fasica Ferrer-Salat\" \/>\n<meta property=\"article:modified_time\" content=\"2025-11-18T14:45:35+00:00\" \/>\n<meta property=\"og:image\" content=\"https:\/\/fundacioferrermusica.org\/wp-content\/uploads\/2025\/11\/Organigrama_FFM_OK-1024x576.png\" \/>\n<meta name=\"twitter:card\" content=\"summary_large_image\" \/>\n<meta name=\"twitter:label1\" content=\"Est. reading time\" \/>\n\t<meta name=\"twitter:data1\" content=\"1 minute\" \/>\n<script type=\"application\/ld+json\" class=\"yoast-schema-graph\">{\"@context\":\"https:\/\/schema.org\",\"@graph\":[{\"@type\":\"WebPage\",\"@id\":\"https:\/\/fundacioferrermusica.org\/en\/organizational-chart\/\",\"url\":\"https:\/\/fundacioferrermusica.org\/en\/organizational-chart\/\",\"name\":\"Organizational Chart - Fundaci\u00f3 de M\u00fasica Ferrer-Salat\",\"isPartOf\":{\"@id\":\"https:\/\/fundacioferrermusica.org\/#website\"},\"primaryImageOfPage\":{\"@id\":\"https:\/\/fundacioferrermusica.org\/en\/organizational-chart\/#primaryimage\"},\"image\":{\"@id\":\"https:\/\/fundacioferrermusica.org\/en\/organizational-chart\/#primaryimage\"},\"thumbnailUrl\":\"https:\/\/fundacioferrermusica.org\/wp-content\/uploads\/2025\/11\/Organigrama_FFM_OK-1024x576.png\",\"datePublished\":\"2025-11-06T14:03:05+00:00\",\"dateModified\":\"2025-11-18T14:45:35+00:00\",\"breadcrumb\":{\"@id\":\"https:\/\/fundacioferrermusica.org\/en\/organizational-chart\/#breadcrumb\"},\"inLanguage\":\"en-US\",\"potentialAction\":[{\"@type\":\"ReadAction\",\"target\":[\"https:\/\/fundacioferrermusica.org\/en\/organizational-chart\/\"]}]},{\"@type\":\"ImageObject\",\"inLanguage\":\"en-US\",\"@id\":\"https:\/\/fundacioferrermusica.org\/en\/organizational-chart\/#primaryimage\",\"url\":\"https:\/\/fundacioferrermusica.org\/wp-content\/uploads\/2025\/11\/Organigrama_FFM_OK-1024x576.png\",\"contentUrl\":\"https:\/\/fundacioferrermusica.org\/wp-content\/uploads\/2025\/11\/Organigrama_FFM_OK-1024x576.png\"},{\"@type\":\"BreadcrumbList\",\"@id\":\"https:\/\/fundacioferrermusica.org\/en\/organizational-chart\/#breadcrumb\",\"itemListElement\":[{\"@type\":\"ListItem\",\"position\":1,\"name\":\"Inici\",\"item\":\"https:\/\/fundacioferrermusica.org\/\"},{\"@type\":\"ListItem\",\"position\":2,\"name\":\"Organizational Chart\"}]},{\"@type\":\"WebSite\",\"@id\":\"https:\/\/fundacioferrermusica.org\/#website\",\"url\":\"https:\/\/fundacioferrermusica.org\/\",\"name\":\"Fundaci\u00f3 de M\u00fasica Ferrer-Salat\",\"description\":\"40 anys generant oportunitats a trav\u00e9s de la m\u00fasica\",\"publisher\":{\"@id\":\"https:\/\/fundacioferrermusica.org\/#organization\"},\"potentialAction\":[{\"@type\":\"SearchAction\",\"target\":{\"@type\":\"EntryPoint\",\"urlTemplate\":\"https:\/\/fundacioferrermusica.org\/?s={search_term_string}\"},\"query-input\":{\"@type\":\"PropertyValueSpecification\",\"valueRequired\":true,\"valueName\":\"search_term_string\"}}],\"inLanguage\":\"en-US\"},{\"@type\":\"Organization\",\"@id\":\"https:\/\/fundacioferrermusica.org\/#organization\",\"name\":\"Fundaci\u00f3 de M\u00fasica Ferrer-Salat\",\"url\":\"https:\/\/fundacioferrermusica.org\/\",\"logo\":{\"@type\":\"ImageObject\",\"inLanguage\":\"en-US\",\"@id\":\"https:\/\/fundacioferrermusica.org\/#\/schema\/logo\/image\/\",\"url\":\"https:\/\/fundacioferrermusica.org\/wp-content\/uploads\/2022\/06\/cropped-FundacioMusicaFerrerSalat.png\",\"contentUrl\":\"https:\/\/fundacioferrermusica.org\/wp-content\/uploads\/2022\/06\/cropped-FundacioMusicaFerrerSalat.png\",\"width\":160,\"height\":53,\"caption\":\"Fundaci\u00f3 de M\u00fasica Ferrer-Salat\"},\"image\":{\"@id\":\"https:\/\/fundacioferrermusica.org\/#\/schema\/logo\/image\/\"}}]}<\/script>\n<!-- \/ Yoast SEO plugin. -->","yoast_head_json":{"title":"Organizational Chart - Fundaci\u00f3 de M\u00fasica Ferrer-Salat","robots":{"index":"index","follow":"follow","max-snippet":"max-snippet:-1","max-image-preview":"max-image-preview:large","max-video-preview":"max-video-preview:-1"},"canonical":"https:\/\/fundacioferrermusica.org\/en\/organizational-chart\/","og_locale":"en_US","og_type":"article","og_title":"Organizational Chart - Fundaci\u00f3 de M\u00fasica Ferrer-Salat","og_description":"Organizational Chart","og_url":"https:\/\/fundacioferrermusica.org\/en\/organizational-chart\/","og_site_name":"Fundaci\u00f3 de M\u00fasica Ferrer-Salat","article_modified_time":"2025-11-18T14:45:35+00:00","og_image":[{"url":"https:\/\/fundacioferrermusica.org\/wp-content\/uploads\/2025\/11\/Organigrama_FFM_OK-1024x576.png","type":"","width":"","height":""}],"twitter_card":"summary_large_image","twitter_misc":{"Est. reading time":"1 minute"},"schema":{"@context":"https:\/\/schema.org","@graph":[{"@type":"WebPage","@id":"https:\/\/fundacioferrermusica.org\/en\/organizational-chart\/","url":"https:\/\/fundacioferrermusica.org\/en\/organizational-chart\/","name":"Organizational Chart - Fundaci\u00f3 de M\u00fasica Ferrer-Salat","isPartOf":{"@id":"https:\/\/fundacioferrermusica.org\/#website"},"primaryImageOfPage":{"@id":"https:\/\/fundacioferrermusica.org\/en\/organizational-chart\/#primaryimage"},"image":{"@id":"https:\/\/fundacioferrermusica.org\/en\/organizational-chart\/#primaryimage"},"thumbnailUrl":"https:\/\/fundacioferrermusica.org\/wp-content\/uploads\/2025\/11\/Organigrama_FFM_OK-1024x576.png","datePublished":"2025-11-06T14:03:05+00:00","dateModified":"2025-11-18T14:45:35+00:00","breadcrumb":{"@id":"https:\/\/fundacioferrermusica.org\/en\/organizational-chart\/#breadcrumb"},"inLanguage":"en-US","potentialAction":[{"@type":"ReadAction","target":["https:\/\/fundacioferrermusica.org\/en\/organizational-chart\/"]}]},{"@type":"ImageObject","inLanguage":"en-US","@id":"https:\/\/fundacioferrermusica.org\/en\/organizational-chart\/#primaryimage","url":"https:\/\/fundacioferrermusica.org\/wp-content\/uploads\/2025\/11\/Organigrama_FFM_OK-1024x576.png","contentUrl":"https:\/\/fundacioferrermusica.org\/wp-content\/uploads\/2025\/11\/Organigrama_FFM_OK-1024x576.png"},{"@type":"BreadcrumbList","@id":"https:\/\/fundacioferrermusica.org\/en\/organizational-chart\/#breadcrumb","itemListElement":[{"@type":"ListItem","position":1,"name":"Inici","item":"https:\/\/fundacioferrermusica.org\/"},{"@type":"ListItem","position":2,"name":"Organizational Chart"}]},{"@type":"WebSite","@id":"https:\/\/fundacioferrermusica.org\/#website","url":"https:\/\/fundacioferrermusica.org\/","name":"Fundaci\u00f3 de M\u00fasica Ferrer-Salat","description":"40 anys generant oportunitats a trav\u00e9s de la m\u00fasica","publisher":{"@id":"https:\/\/fundacioferrermusica.org\/#organization"},"potentialAction":[{"@type":"SearchAction","target":{"@type":"EntryPoint","urlTemplate":"https:\/\/fundacioferrermusica.org\/?s={search_term_string}"},"query-input":{"@type":"PropertyValueSpecification","valueRequired":true,"valueName":"search_term_string"}}],"inLanguage":"en-US"},{"@type":"Organization","@id":"https:\/\/fundacioferrermusica.org\/#organization","name":"Fundaci\u00f3 de M\u00fasica Ferrer-Salat","url":"https:\/\/fundacioferrermusica.org\/","logo":{"@type":"ImageObject","inLanguage":"en-US","@id":"https:\/\/fundacioferrermusica.org\/#\/schema\/logo\/image\/","url":"https:\/\/fundacioferrermusica.org\/wp-content\/uploads\/2022\/06\/cropped-FundacioMusicaFerrerSalat.png","contentUrl":"https:\/\/fundacioferrermusica.org\/wp-content\/uploads\/2022\/06\/cropped-FundacioMusicaFerrerSalat.png","width":160,"height":53,"caption":"Fundaci\u00f3 de M\u00fasica Ferrer-Salat"},"image":{"@id":"https:\/\/fundacioferrermusica.org\/#\/schema\/logo\/image\/"}}]}},"_links":{"self":[{"href":"https:\/\/fundacioferrermusica.org\/en\/wp-json\/wp\/v2\/pages\/9616","targetHints":{"allow":["GET"]}}],"collection":[{"href":"https:\/\/fundacioferrermusica.org\/en\/wp-json\/wp\/v2\/pages"}],"about":[{"href":"https:\/\/fundacioferrermusica.org\/en\/wp-json\/wp\/v2\/types\/page"}],"author":[{"embeddable":true,"href":"https:\/\/fundacioferrermusica.org\/en\/wp-json\/wp\/v2\/users\/5"}],"replies":[{"embeddable":true,"href":"https:\/\/fundacioferrermusica.org\/en\/wp-json\/wp\/v2\/comments?post=9616"}],"version-history":[{"count":8,"href":"https:\/\/fundacioferrermusica.org\/en\/wp-json\/wp\/v2\/pages\/9616\/revisions"}],"predecessor-version":[{"id":9741,"href":"https:\/\/fundacioferrermusica.org\/en\/wp-json\/wp\/v2\/pages\/9616\/revisions\/9741"}],"wp:attachment":[{"href":"https:\/\/fundacioferrermusica.org\/en\/wp-json\/wp\/v2\/media?parent=9616"}],"curies":[{"name":"wp","href":"https:\/\/api.w.org\/{rel}","templated":true}]}}