{"id":9593,"date":"2025-11-06T12:50:53","date_gmt":"2025-11-06T12:50:53","guid":{"rendered":"https:\/\/fundacioferrermusica.org\/?page_id=9593"},"modified":"2025-11-06T13:28:31","modified_gmt":"2025-11-06T13:28:31","slug":"about-us","status":"publish","type":"page","link":"https:\/\/fundacioferrermusica.org\/en\/about-us\/","title":{"rendered":"About us"},"content":{"rendered":"\t\t<div data-elementor-type=\"wp-page\" data-elementor-id=\"9593\" class=\"elementor elementor-9593 elementor-9571\" data-elementor-post-type=\"page\">\n\t\t\t\t\t\t<section class=\"elementor-section elementor-top-section elementor-element elementor-element-4b3c095 elementor-section-full_width elementor-section-height-default elementor-section-height-default\" data-id=\"4b3c095\" data-element_type=\"section\" data-e-type=\"section\">\n\t\t\t\t\t\t<div class=\"elementor-container elementor-column-gap-default\">\n\t\t\t\t\t<div class=\"elementor-column elementor-col-100 elementor-top-column elementor-element elementor-element-c7fd7e8\" data-id=\"c7fd7e8\" data-element_type=\"column\" data-e-type=\"column\">\n\t\t\t<div class=\"elementor-widget-wrap elementor-element-populated\">\n\t\t\t\t\t\t<div class=\"elementor-element elementor-element-9ef92ae animated-slow elementor-invisible elementor-widget elementor-widget-heading\" data-id=\"9ef92ae\" data-element_type=\"widget\" data-e-type=\"widget\" data-settings=\"{&quot;_animation&quot;:&quot;fadeInUp&quot;}\" data-widget_type=\"heading.default\">\n\t\t\t\t<div class=\"elementor-widget-container\">\n\t\t\t\t\t<h2 class=\"elementor-heading-title elementor-size-default\">About us<\/h2>\t\t\t\t<\/div>\n\t\t\t\t<\/div>\n\t\t\t\t<div class=\"elementor-element elementor-element-0c06bf3 elementor-widget elementor-widget-spacer\" data-id=\"0c06bf3\" data-element_type=\"widget\" data-e-type=\"widget\" data-widget_type=\"spacer.default\">\n\t\t\t\t<div class=\"elementor-widget-container\">\n\t\t\t\t\t\t\t<div class=\"elementor-spacer\">\n\t\t\t<div class=\"elementor-spacer-inner\"><\/div>\n\t\t<\/div>\n\t\t\t\t\t\t<\/div>\n\t\t\t\t<\/div>\n\t\t\t\t<div class=\"elementor-element elementor-element-e11e7af elementor-widget elementor-widget-text-editor\" data-id=\"e11e7af\" data-element_type=\"widget\" data-e-type=\"widget\" data-widget_type=\"text-editor.default\">\n\t\t\t\t<div class=\"elementor-widget-container\">\n\t\t\t\t\t\t\t\t\t<h5>The <strong>Ferrer Music Foundation<\/strong> is a <strong>non-profit organization<\/strong> that works to make <strong>music a tool for personal and social transformation<\/strong>. Since its creation in <strong>1982<\/strong>, it has promoted <strong>access to music<\/strong> and <strong>talent development<\/strong> through <strong>projects of musical excellence<\/strong>, <strong>training scholarships<\/strong>, and <strong>social integration initiatives<\/strong>.<\/h5>\t\t\t\t\t\t\t\t<\/div>\n\t\t\t\t<\/div>\n\t\t\t\t<div class=\"elementor-element elementor-element-6201754 elementor-widget__width-initial elementor-widget elementor-widget-text-editor\" data-id=\"6201754\" data-element_type=\"widget\" data-e-type=\"widget\" data-widget_type=\"text-editor.default\">\n\t\t\t\t<div class=\"elementor-widget-container\">\n\t\t\t\t\t\t\t\t\t<p>We firmly believe that <strong>music is a collective good with deep transformative value<\/strong>, capable of generating opportunities, strengthening cohesion, and awakening people\u2019s creative potential. With this conviction, we develop programs that combine <strong>artistic quality<\/strong> with <strong>social commitment<\/strong>, bringing music to all audiences, especially those in situations of vulnerability.<\/p><p>In the field of <strong>musical excellence<\/strong>, the Foundation annually awards the <strong>Queen Sof\u00eda Prize for Musical Composition<\/strong>, a recognition of <strong>international prestige<\/strong> and <strong>the most generously endowed in Europe<\/strong>, and offers scholarships for young talents through the <strong>Ferrer-Salat Program<\/strong> with the <strong>Liceu Conservatory<\/strong> and the <strong>JONDE-Ferrer Salat Program<\/strong> with the <strong>Spanish National Youth Orchestra<\/strong>.<\/p><p>At the same time, through its <strong>social integration initiatives<\/strong>, the Foundation promotes <strong>educational and community projects<\/strong> that use music as a vehicle to foster <strong>self-esteem, collaboration, and the development of personal and social skills<\/strong>.<\/p><p>The Foundation also drives <strong>research on the relationship between musical learning and cognitive, emotional, and social development<\/strong>, with special attention to <strong>children with neurodevelopmental disorders<\/strong>, offering them <strong>new pathways for diagnosis and treatment through music<\/strong>.<\/p><p>Through this work, the <strong>Ferrer Music Foundation<\/strong> reaffirms its commitment to three main goals:<\/p><ul><li><strong>Promote musical excellence<\/strong> and the development of strong professional careers.<\/li><li><strong>Facilitate access to music<\/strong> as a tool for transformation and social inclusion.<\/li><li><strong>Research the therapeutic potential of music<\/strong> in contexts of vulnerability.<\/li><\/ul><div>\u00a0<\/div>\t\t\t\t\t\t\t\t<\/div>\n\t\t\t\t<\/div>\n\t\t\t\t<div class=\"elementor-element elementor-element-3ca8569 elementor-widget elementor-widget-text-editor\" data-id=\"3ca8569\" data-element_type=\"widget\" data-e-type=\"widget\" data-widget_type=\"text-editor.default\">\n\t\t\t\t<div class=\"elementor-widget-container\">\n\t\t\t\t\t\t\t\t\t<h5>The <strong>Ferrer Music Foundation<\/strong> is part of the <strong>Ferrer Foundations<\/strong>, five inspiring organizations born from the strong commitment of the <strong>Ferrer pharmaceutical company<\/strong>, a <strong>B Corp<\/strong> whose purpose is to use its business to <strong>fight for social justice<\/strong>. The Ferrer Foundations contribute to the <strong>socialization of wealth<\/strong> through projects that promote <strong>equal opportunities<\/strong> and foster <strong>creativity, knowledge, and critical thinking<\/strong> in fields such as <strong>the environment, culture, education, human rights, and sports<\/strong>.<\/h5>\t\t\t\t\t\t\t\t<\/div>\n\t\t\t\t<\/div>\n\t\t\t\t\t<\/div>\n\t\t<\/div>\n\t\t\t\t\t<\/div>\n\t\t<\/section>\n\t\t\t\t<\/div>\n\t\t","protected":false},"excerpt":{"rendered":"<p>About us The Ferrer Music Foundation is a non-profit organization that works to make music a tool for personal and social transformation. Since its creation in 1982, it has promoted access to music and talent development through projects of musical excellence, training scholarships, and social integration initiatives. We firmly believe that music is a collective [&hellip;]<\/p>\n","protected":false},"author":5,"featured_media":0,"parent":0,"menu_order":0,"comment_status":"closed","ping_status":"closed","template":"","meta":{"site-sidebar-layout":"no-sidebar","site-content-layout":"page-builder","ast-site-content-layout":"full-width-container","site-content-style":"unboxed","site-sidebar-style":"unboxed","ast-global-header-display":"","ast-banner-title-visibility":"","ast-main-header-display":"","ast-hfb-above-header-display":"","ast-hfb-below-header-display":"","ast-hfb-mobile-header-display":"","site-post-title":"disabled","ast-breadcrumbs-content":"","ast-featured-img":"disabled","footer-sml-layout":"","ast-disable-related-posts":"","theme-transparent-header-meta":"default","adv-header-id-meta":"","stick-header-meta":"default","header-above-stick-meta":"","header-main-stick-meta":"","header-below-stick-meta":"","astra-migrate-meta-layouts":"set","ast-page-background-enabled":"default","ast-page-background-meta":{"desktop":{"background-color":"var(--ast-global-color-4)","background-image":"","background-repeat":"repeat","background-position":"center center","background-size":"auto","background-attachment":"scroll","background-type":"","background-media":"","overlay-type":"","overlay-color":"","overlay-opacity":"","overlay-gradient":""},"tablet":{"background-color":"","background-image":"","background-repeat":"repeat","background-position":"center center","background-size":"auto","background-attachment":"scroll","background-type":"","background-media":"","overlay-type":"","overlay-color":"","overlay-opacity":"","overlay-gradient":""},"mobile":{"background-color":"","background-image":"","background-repeat":"repeat","background-position":"center center","background-size":"auto","background-attachment":"scroll","background-type":"","background-media":"","overlay-type":"","overlay-color":"","overlay-opacity":"","overlay-gradient":""}},"ast-content-background-meta":{"desktop":{"background-color":"var(--ast-global-color-5)","background-image":"","background-repeat":"repeat","background-position":"center center","background-size":"auto","background-attachment":"scroll","background-type":"","background-media":"","overlay-type":"","overlay-color":"","overlay-opacity":"","overlay-gradient":""},"tablet":{"background-color":"var(--ast-global-color-5)","background-image":"","background-repeat":"repeat","background-position":"center center","background-size":"auto","background-attachment":"scroll","background-type":"","background-media":"","overlay-type":"","overlay-color":"","overlay-opacity":"","overlay-gradient":""},"mobile":{"background-color":"var(--ast-global-color-5)","background-image":"","background-repeat":"repeat","background-position":"center center","background-size":"auto","background-attachment":"scroll","background-type":"","background-media":"","overlay-type":"","overlay-color":"","overlay-opacity":"","overlay-gradient":""}},"footnotes":""},"class_list":["post-9593","page","type-page","status-publish","hentry"],"yoast_head":"<!-- This site is optimized with the Yoast SEO plugin v27.2 - https:\/\/yoast.com\/product\/yoast-seo-wordpress\/ -->\n<title>About us - Fundaci\u00f3 de M\u00fasica Ferrer-Salat<\/title>\n<meta name=\"robots\" content=\"index, follow, max-snippet:-1, max-image-preview:large, max-video-preview:-1\" \/>\n<link rel=\"canonical\" href=\"https:\/\/fundacioferrermusica.org\/en\/about-us\/\" \/>\n<meta property=\"og:locale\" content=\"en_US\" \/>\n<meta property=\"og:type\" content=\"article\" \/>\n<meta property=\"og:title\" content=\"About us - Fundaci\u00f3 de M\u00fasica Ferrer-Salat\" \/>\n<meta property=\"og:description\" content=\"About us The Ferrer Music Foundation is a non-profit organization that works to make music a tool for personal and social transformation. Since its creation in 1982, it has promoted access to music and talent development through projects of musical excellence, training scholarships, and social integration initiatives. We firmly believe that music is a collective [&hellip;]\" \/>\n<meta property=\"og:url\" content=\"https:\/\/fundacioferrermusica.org\/en\/about-us\/\" \/>\n<meta property=\"og:site_name\" content=\"Fundaci\u00f3 de M\u00fasica Ferrer-Salat\" \/>\n<meta property=\"article:modified_time\" content=\"2025-11-06T13:28:31+00:00\" \/>\n<meta name=\"twitter:card\" content=\"summary_large_image\" \/>\n<meta name=\"twitter:label1\" content=\"Est. reading time\" \/>\n\t<meta name=\"twitter:data1\" content=\"2 minutes\" \/>\n<script type=\"application\/ld+json\" class=\"yoast-schema-graph\">{\"@context\":\"https:\/\/schema.org\",\"@graph\":[{\"@type\":\"WebPage\",\"@id\":\"https:\/\/fundacioferrermusica.org\/en\/about-us\/\",\"url\":\"https:\/\/fundacioferrermusica.org\/en\/about-us\/\",\"name\":\"About us - Fundaci\u00f3 de M\u00fasica Ferrer-Salat\",\"isPartOf\":{\"@id\":\"https:\/\/fundacioferrermusica.org\/#website\"},\"datePublished\":\"2025-11-06T12:50:53+00:00\",\"dateModified\":\"2025-11-06T13:28:31+00:00\",\"breadcrumb\":{\"@id\":\"https:\/\/fundacioferrermusica.org\/en\/about-us\/#breadcrumb\"},\"inLanguage\":\"en-US\",\"potentialAction\":[{\"@type\":\"ReadAction\",\"target\":[\"https:\/\/fundacioferrermusica.org\/en\/about-us\/\"]}]},{\"@type\":\"BreadcrumbList\",\"@id\":\"https:\/\/fundacioferrermusica.org\/en\/about-us\/#breadcrumb\",\"itemListElement\":[{\"@type\":\"ListItem\",\"position\":1,\"name\":\"Inici\",\"item\":\"https:\/\/fundacioferrermusica.org\/\"},{\"@type\":\"ListItem\",\"position\":2,\"name\":\"About us\"}]},{\"@type\":\"WebSite\",\"@id\":\"https:\/\/fundacioferrermusica.org\/#website\",\"url\":\"https:\/\/fundacioferrermusica.org\/\",\"name\":\"Fundaci\u00f3 de M\u00fasica Ferrer-Salat\",\"description\":\"40 anys generant oportunitats a trav\u00e9s de la m\u00fasica\",\"publisher\":{\"@id\":\"https:\/\/fundacioferrermusica.org\/#organization\"},\"potentialAction\":[{\"@type\":\"SearchAction\",\"target\":{\"@type\":\"EntryPoint\",\"urlTemplate\":\"https:\/\/fundacioferrermusica.org\/?s={search_term_string}\"},\"query-input\":{\"@type\":\"PropertyValueSpecification\",\"valueRequired\":true,\"valueName\":\"search_term_string\"}}],\"inLanguage\":\"en-US\"},{\"@type\":\"Organization\",\"@id\":\"https:\/\/fundacioferrermusica.org\/#organization\",\"name\":\"Fundaci\u00f3 de M\u00fasica Ferrer-Salat\",\"url\":\"https:\/\/fundacioferrermusica.org\/\",\"logo\":{\"@type\":\"ImageObject\",\"inLanguage\":\"en-US\",\"@id\":\"https:\/\/fundacioferrermusica.org\/#\/schema\/logo\/image\/\",\"url\":\"https:\/\/fundacioferrermusica.org\/wp-content\/uploads\/2022\/06\/cropped-FundacioMusicaFerrerSalat.png\",\"contentUrl\":\"https:\/\/fundacioferrermusica.org\/wp-content\/uploads\/2022\/06\/cropped-FundacioMusicaFerrerSalat.png\",\"width\":160,\"height\":53,\"caption\":\"Fundaci\u00f3 de M\u00fasica Ferrer-Salat\"},\"image\":{\"@id\":\"https:\/\/fundacioferrermusica.org\/#\/schema\/logo\/image\/\"}}]}<\/script>\n<!-- \/ Yoast SEO plugin. -->","yoast_head_json":{"title":"About us - Fundaci\u00f3 de M\u00fasica Ferrer-Salat","robots":{"index":"index","follow":"follow","max-snippet":"max-snippet:-1","max-image-preview":"max-image-preview:large","max-video-preview":"max-video-preview:-1"},"canonical":"https:\/\/fundacioferrermusica.org\/en\/about-us\/","og_locale":"en_US","og_type":"article","og_title":"About us - Fundaci\u00f3 de M\u00fasica Ferrer-Salat","og_description":"About us The Ferrer Music Foundation is a non-profit organization that works to make music a tool for personal and social transformation. Since its creation in 1982, it has promoted access to music and talent development through projects of musical excellence, training scholarships, and social integration initiatives. We firmly believe that music is a collective [&hellip;]","og_url":"https:\/\/fundacioferrermusica.org\/en\/about-us\/","og_site_name":"Fundaci\u00f3 de M\u00fasica Ferrer-Salat","article_modified_time":"2025-11-06T13:28:31+00:00","twitter_card":"summary_large_image","twitter_misc":{"Est. reading time":"2 minutes"},"schema":{"@context":"https:\/\/schema.org","@graph":[{"@type":"WebPage","@id":"https:\/\/fundacioferrermusica.org\/en\/about-us\/","url":"https:\/\/fundacioferrermusica.org\/en\/about-us\/","name":"About us - Fundaci\u00f3 de M\u00fasica Ferrer-Salat","isPartOf":{"@id":"https:\/\/fundacioferrermusica.org\/#website"},"datePublished":"2025-11-06T12:50:53+00:00","dateModified":"2025-11-06T13:28:31+00:00","breadcrumb":{"@id":"https:\/\/fundacioferrermusica.org\/en\/about-us\/#breadcrumb"},"inLanguage":"en-US","potentialAction":[{"@type":"ReadAction","target":["https:\/\/fundacioferrermusica.org\/en\/about-us\/"]}]},{"@type":"BreadcrumbList","@id":"https:\/\/fundacioferrermusica.org\/en\/about-us\/#breadcrumb","itemListElement":[{"@type":"ListItem","position":1,"name":"Inici","item":"https:\/\/fundacioferrermusica.org\/"},{"@type":"ListItem","position":2,"name":"About us"}]},{"@type":"WebSite","@id":"https:\/\/fundacioferrermusica.org\/#website","url":"https:\/\/fundacioferrermusica.org\/","name":"Fundaci\u00f3 de M\u00fasica Ferrer-Salat","description":"40 anys generant oportunitats a trav\u00e9s de la m\u00fasica","publisher":{"@id":"https:\/\/fundacioferrermusica.org\/#organization"},"potentialAction":[{"@type":"SearchAction","target":{"@type":"EntryPoint","urlTemplate":"https:\/\/fundacioferrermusica.org\/?s={search_term_string}"},"query-input":{"@type":"PropertyValueSpecification","valueRequired":true,"valueName":"search_term_string"}}],"inLanguage":"en-US"},{"@type":"Organization","@id":"https:\/\/fundacioferrermusica.org\/#organization","name":"Fundaci\u00f3 de M\u00fasica Ferrer-Salat","url":"https:\/\/fundacioferrermusica.org\/","logo":{"@type":"ImageObject","inLanguage":"en-US","@id":"https:\/\/fundacioferrermusica.org\/#\/schema\/logo\/image\/","url":"https:\/\/fundacioferrermusica.org\/wp-content\/uploads\/2022\/06\/cropped-FundacioMusicaFerrerSalat.png","contentUrl":"https:\/\/fundacioferrermusica.org\/wp-content\/uploads\/2022\/06\/cropped-FundacioMusicaFerrerSalat.png","width":160,"height":53,"caption":"Fundaci\u00f3 de M\u00fasica Ferrer-Salat"},"image":{"@id":"https:\/\/fundacioferrermusica.org\/#\/schema\/logo\/image\/"}}]}},"_links":{"self":[{"href":"https:\/\/fundacioferrermusica.org\/en\/wp-json\/wp\/v2\/pages\/9593","targetHints":{"allow":["GET"]}}],"collection":[{"href":"https:\/\/fundacioferrermusica.org\/en\/wp-json\/wp\/v2\/pages"}],"about":[{"href":"https:\/\/fundacioferrermusica.org\/en\/wp-json\/wp\/v2\/types\/page"}],"author":[{"embeddable":true,"href":"https:\/\/fundacioferrermusica.org\/en\/wp-json\/wp\/v2\/users\/5"}],"replies":[{"embeddable":true,"href":"https:\/\/fundacioferrermusica.org\/en\/wp-json\/wp\/v2\/comments?post=9593"}],"version-history":[{"count":4,"href":"https:\/\/fundacioferrermusica.org\/en\/wp-json\/wp\/v2\/pages\/9593\/revisions"}],"predecessor-version":[{"id":9597,"href":"https:\/\/fundacioferrermusica.org\/en\/wp-json\/wp\/v2\/pages\/9593\/revisions\/9597"}],"wp:attachment":[{"href":"https:\/\/fundacioferrermusica.org\/en\/wp-json\/wp\/v2\/media?parent=9593"}],"curies":[{"name":"wp","href":"https:\/\/api.w.org\/{rel}","templated":true}]}}